{"id":875,"date":"2025-12-14T17:40:44","date_gmt":"2025-12-14T16:40:44","guid":{"rendered":"https:\/\/vivreensemblecheznous.fr\/?page_id=875"},"modified":"2026-02-03T23:13:09","modified_gmt":"2026-02-03T22:13:09","slug":"notre-actu","status":"publish","type":"page","link":"https:\/\/vivreensemblecheznous.fr\/index.php\/notre-actu\/","title":{"rendered":"Notre actu"},"content":{"rendered":"\t\t<div data-elementor-type=\"wp-page\" data-elementor-id=\"875\" class=\"elementor elementor-875\">\n\t\t\t\t<div class=\"elementor-element elementor-element-2d9f4209 e-flex e-con-boxed e-con e-parent\" data-id=\"2d9f4209\" data-element_type=\"container\" data-settings=\"{&quot;background_background&quot;:&quot;classic&quot;}\">\n\t\t\t\t\t<div class=\"e-con-inner\">\n\t\t\t\t<div class=\"elementor-element elementor-element-239d4a71 elementor-widget elementor-widget-heading\" data-id=\"239d4a71\" data-element_type=\"widget\" data-widget_type=\"heading.default\">\n\t\t\t\t<div class=\"elementor-widget-container\">\n\t\t\t\t\t<h2 class=\"elementor-heading-title elementor-size-default\">Notre actu<br><\/h2>\t\t\t\t<\/div>\n\t\t\t\t<\/div>\n\t\t\t\t\t<\/div>\n\t\t\t\t<\/div>\n\t\t<div class=\"elementor-element elementor-element-54cccca0 e-flex e-con-boxed e-con e-parent\" data-id=\"54cccca0\" data-element_type=\"container\">\n\t\t\t\t\t<div class=\"e-con-inner\">\n\t\t\t\t<div class=\"elementor-element elementor-element-0d2b5c4 elementor-widget elementor-widget-spacer\" data-id=\"0d2b5c4\" data-element_type=\"widget\" data-widget_type=\"spacer.default\">\n\t\t\t\t<div class=\"elementor-widget-container\">\n\t\t\t\t\t\t\t<div class=\"elementor-spacer\">\n\t\t\t<div class=\"elementor-spacer-inner\"><\/div>\n\t\t<\/div>\n\t\t\t\t\t\t<\/div>\n\t\t\t\t<\/div>\n\t\t\t\t<div class=\"elementor-element elementor-element-731463f elementor-widget elementor-widget-heading\" data-id=\"731463f\" data-element_type=\"widget\" data-widget_type=\"heading.default\">\n\t\t\t\t<div class=\"elementor-widget-container\">\n\t\t\t\t\t<h2 class=\"elementor-heading-title elementor-size-default\">Nos rencontres<\/h2>\t\t\t\t<\/div>\n\t\t\t\t<\/div>\n\t\t\t\t\t<\/div>\n\t\t\t\t<\/div>\n\t\t<div class=\"elementor-element elementor-element-5342214 e-grid e-con-boxed e-con e-parent\" data-id=\"5342214\" data-element_type=\"container\">\n\t\t\t\t\t<div class=\"e-con-inner\">\n\t\t\t\t<div class=\"elementor-element elementor-element-09b81db elementor-widget elementor-widget-heading\" data-id=\"09b81db\" data-element_type=\"widget\" data-widget_type=\"heading.default\">\n\t\t\t\t<div class=\"elementor-widget-container\">\n\t\t\t\t\t<h2 class=\"elementor-heading-title elementor-size-default\">27\/09\/25 - Balade \u00e0 v\u00e9lo<\/h2>\t\t\t\t<\/div>\n\t\t\t\t<\/div>\n\t\t\t\t<div class=\"elementor-element elementor-element-463f71a elementor-widget elementor-widget-heading\" data-id=\"463f71a\" data-element_type=\"widget\" data-widget_type=\"heading.default\">\n\t\t\t\t<div class=\"elementor-widget-container\">\n\t\t\t\t\t<h2 class=\"elementor-heading-title elementor-size-default\">08\/10\/25 - R\u00e9colte des pommes<\/h2>\t\t\t\t<\/div>\n\t\t\t\t<\/div>\n\t\t\t\t<div class=\"elementor-element elementor-element-3118a9f elementor-widget elementor-widget-heading\" data-id=\"3118a9f\" data-element_type=\"widget\" data-widget_type=\"heading.default\">\n\t\t\t\t<div class=\"elementor-widget-container\">\n\t\t\t\t\t<h2 class=\"elementor-heading-title elementor-size-default\">04\/12\/25 - March\u00e9 de No\u00ebl<\/h2>\t\t\t\t<\/div>\n\t\t\t\t<\/div>\n\t\t\t\t\t<\/div>\n\t\t\t\t<\/div>\n\t\t<div class=\"elementor-element elementor-element-c430d79 e-grid e-con-boxed e-con e-parent\" data-id=\"c430d79\" data-element_type=\"container\">\n\t\t\t\t\t<div class=\"e-con-inner\">\n\t\t\t\t<div class=\"elementor-element elementor-element-0dac975 elementor-widget elementor-widget-image\" data-id=\"0dac975\" data-element_type=\"widget\" data-widget_type=\"image.default\">\n\t\t\t\t<div class=\"elementor-widget-container\">\n\t\t\t\t\t\t\t\t\t\t\t\t\t\t\t<img fetchpriority=\"high\" decoding=\"async\" width=\"800\" height=\"536\" src=\"https:\/\/vivreensemblecheznous.fr\/wp-content\/uploads\/2025\/12\/IMG-20250927-WA0003-e1765730345838-1024x686.jpg\" class=\"attachment-large size-large wp-image-878\" alt=\"\" srcset=\"https:\/\/vivreensemblecheznous.fr\/wp-content\/uploads\/2025\/12\/IMG-20250927-WA0003-e1765730345838-1024x686.jpg 1024w, https:\/\/vivreensemblecheznous.fr\/wp-content\/uploads\/2025\/12\/IMG-20250927-WA0003-e1765730345838-300x201.jpg 300w, https:\/\/vivreensemblecheznous.fr\/wp-content\/uploads\/2025\/12\/IMG-20250927-WA0003-e1765730345838-768x515.jpg 768w, https:\/\/vivreensemblecheznous.fr\/wp-content\/uploads\/2025\/12\/IMG-20250927-WA0003-e1765730345838.jpg 1262w\" sizes=\"(max-width: 800px) 100vw, 800px\" \/>\t\t\t\t\t\t\t\t\t\t\t\t\t\t\t<\/div>\n\t\t\t\t<\/div>\n\t\t\t\t<div class=\"elementor-element elementor-element-bd56934 elementor-widget elementor-widget-image\" data-id=\"bd56934\" data-element_type=\"widget\" data-widget_type=\"image.default\">\n\t\t\t\t<div class=\"elementor-widget-container\">\n\t\t\t\t\t\t\t\t\t\t\t\t\t\t\t<img decoding=\"async\" width=\"800\" height=\"451\" src=\"https:\/\/vivreensemblecheznous.fr\/wp-content\/uploads\/2025\/12\/IMG_20251008_104038-1024x577.jpg\" class=\"attachment-large size-large wp-image-879\" alt=\"\" srcset=\"https:\/\/vivreensemblecheznous.fr\/wp-content\/uploads\/2025\/12\/IMG_20251008_104038-1024x577.jpg 1024w, https:\/\/vivreensemblecheznous.fr\/wp-content\/uploads\/2025\/12\/IMG_20251008_104038-300x169.jpg 300w, https:\/\/vivreensemblecheznous.fr\/wp-content\/uploads\/2025\/12\/IMG_20251008_104038-768x432.jpg 768w, https:\/\/vivreensemblecheznous.fr\/wp-content\/uploads\/2025\/12\/IMG_20251008_104038-1536x865.jpg 1536w, https:\/\/vivreensemblecheznous.fr\/wp-content\/uploads\/2025\/12\/IMG_20251008_104038-2048x1153.jpg 2048w\" sizes=\"(max-width: 800px) 100vw, 800px\" \/>\t\t\t\t\t\t\t\t\t\t\t\t\t\t\t<\/div>\n\t\t\t\t<\/div>\n\t\t\t\t<div class=\"elementor-element elementor-element-8de5e6f elementor-widget elementor-widget-image\" data-id=\"8de5e6f\" data-element_type=\"widget\" data-widget_type=\"image.default\">\n\t\t\t\t<div class=\"elementor-widget-container\">\n\t\t\t\t\t\t\t\t\t\t\t\t\t\t\t<img decoding=\"async\" width=\"800\" height=\"600\" src=\"https:\/\/vivreensemblecheznous.fr\/wp-content\/uploads\/2025\/12\/594968978_122164949282628087_7675819109532279630_n-1-1024x768.jpg\" class=\"attachment-large size-large wp-image-780\" alt=\"\" srcset=\"https:\/\/vivreensemblecheznous.fr\/wp-content\/uploads\/2025\/12\/594968978_122164949282628087_7675819109532279630_n-1-1024x768.jpg 1024w, https:\/\/vivreensemblecheznous.fr\/wp-content\/uploads\/2025\/12\/594968978_122164949282628087_7675819109532279630_n-1-300x225.jpg 300w, https:\/\/vivreensemblecheznous.fr\/wp-content\/uploads\/2025\/12\/594968978_122164949282628087_7675819109532279630_n-1-768x576.jpg 768w, https:\/\/vivreensemblecheznous.fr\/wp-content\/uploads\/2025\/12\/594968978_122164949282628087_7675819109532279630_n-1-1536x1152.jpg 1536w, https:\/\/vivreensemblecheznous.fr\/wp-content\/uploads\/2025\/12\/594968978_122164949282628087_7675819109532279630_n-1.jpg 1600w\" sizes=\"(max-width: 800px) 100vw, 800px\" \/>\t\t\t\t\t\t\t\t\t\t\t\t\t\t\t<\/div>\n\t\t\t\t<\/div>\n\t\t\t\t\t<\/div>\n\t\t\t\t<\/div>\n\t\t<div class=\"elementor-element elementor-element-f9f2b36 e-flex e-con-boxed e-con e-parent\" data-id=\"f9f2b36\" data-element_type=\"container\">\n\t\t\t\t\t<div class=\"e-con-inner\">\n\t\t\t\t<div class=\"elementor-element elementor-element-62ae42f elementor-widget elementor-widget-spacer\" data-id=\"62ae42f\" data-element_type=\"widget\" data-widget_type=\"spacer.default\">\n\t\t\t\t<div class=\"elementor-widget-container\">\n\t\t\t\t\t\t\t<div class=\"elementor-spacer\">\n\t\t\t<div class=\"elementor-spacer-inner\"><\/div>\n\t\t<\/div>\n\t\t\t\t\t\t<\/div>\n\t\t\t\t<\/div>\n\t\t\t\t<div class=\"elementor-element elementor-element-643db71 elementor-widget elementor-widget-heading\" data-id=\"643db71\" data-element_type=\"widget\" data-widget_type=\"heading.default\">\n\t\t\t\t<div class=\"elementor-widget-container\">\n\t\t\t\t\t<h2 class=\"elementor-heading-title elementor-size-default\">Nos rencontres \u00e0 venir<\/h2>\t\t\t\t<\/div>\n\t\t\t\t<\/div>\n\t\t\t\t\t<\/div>\n\t\t\t\t<\/div>\n\t\t<div class=\"elementor-element elementor-element-8b7e123 e-grid e-con-boxed e-con e-parent\" data-id=\"8b7e123\" data-element_type=\"container\">\n\t\t\t\t\t<div class=\"e-con-inner\">\n\t\t\t\t<div class=\"elementor-element elementor-element-106f88c elementor-widget elementor-widget-heading\" data-id=\"106f88c\" data-element_type=\"widget\" data-widget_type=\"heading.default\">\n\t\t\t\t<div class=\"elementor-widget-container\">\n\t\t\t\t\t<h2 class=\"elementor-heading-title elementor-size-default\">TOUS CONNECT\u00c9S  - Ateliers num\u00e9riques adapt\u00e9s<\/h2>\t\t\t\t<\/div>\n\t\t\t\t<\/div>\n\t\t\t\t\t<\/div>\n\t\t\t\t<\/div>\n\t\t<div class=\"elementor-element elementor-element-290a7d0 e-grid e-con-boxed e-con e-parent\" data-id=\"290a7d0\" data-element_type=\"container\">\n\t\t\t\t\t<div class=\"e-con-inner\">\n\t\t\t\t<div class=\"elementor-element elementor-element-5558389 elementor-widget elementor-widget-image\" data-id=\"5558389\" data-element_type=\"widget\" data-widget_type=\"image.default\">\n\t\t\t\t<div class=\"elementor-widget-container\">\n\t\t\t\t\t\t\t\t\t\t\t\t\t\t\t<img decoding=\"async\" src=\"https:\/\/vivreensemblecheznous.fr\/wp-content\/uploads\/2026\/02\/Flyer-Ateliers-Numerique.pdf\" title=\"\" alt=\"\" loading=\"lazy\" \/>\t\t\t\t\t\t\t\t\t\t\t\t\t\t\t<\/div>\n\t\t\t\t<\/div>\n\t\t\t\t<div class=\"elementor-element elementor-element-ec764ba elementor-widget elementor-widget-text-editor\" data-id=\"ec764ba\" data-element_type=\"widget\" data-widget_type=\"text-editor.default\">\n\t\t\t\t<div class=\"elementor-widget-container\">\n\t\t\t\t\t\t\t\t\t<div class=\"xdj266r x14z9mp xat24cr x1lziwak x1vvkbs x126k92a\"><br><\/div><div class=\"xdj266r x14z9mp xat24cr x1lziwak x1vvkbs x126k92a\">Nous croyons que le num\u00e9rique doit \u00eatre accessible \u00e0 toutes et tous.<\/div>\n<div class=\"x14z9mp xat24cr x1lziwak x1vvkbs xtlvy1s x126k92a\">\n<div dir=\"auto\">&nbsp;<\/div>\n<\/div>\n<div class=\"x14z9mp xat24cr x1lziwak x1vvkbs xtlvy1s x126k92a\">\n<div dir=\"auto\">Nous proposons TOUS CONNECT\u00c9S, des ateliers num\u00e9riques adapt\u00e9s pour les personnes avec un handicap intellectuel, dans un cadre rassurant et bienveillant.<\/div>\n<div dir=\"auto\">&nbsp;<\/div>\n<\/div>\n<div class=\"x14z9mp xat24cr x1lziwak x1vvkbs xtlvy1s x126k92a\">\n<div dir=\"auto\">T\u00e9l\u00e9phone, tablette, ordinateur<\/div>\n<div dir=\"auto\">Ateliers en petits groupes de 4 personnes<\/div>\n<div dir=\"auto\">&nbsp;<\/div>\n<div dir=\"auto\">Accompagnement personnalis\u00e9, anim\u00e9 par in&amp;Di, avec une \u00e9valuation des besoins avant le d\u00e9marrage<\/div>\n<div dir=\"auto\">&nbsp;<\/div>\n<\/div>\n<div class=\"x14z9mp xat24cr x1lziwak x1vvkbs xtlvy1s x126k92a\">\n<div dir=\"auto\">Lieu : Goderville (76)<\/div>\n<div dir=\"auto\">Horaires : 9h30 \u2013 11h30<\/div>\n<div dir=\"auto\">&nbsp;<\/div>\n<\/div>\n<div class=\"x14z9mp xat24cr x1lziwak x1vvkbs xtlvy1s x126k92a\">\n<div dir=\"auto\"><span class=\"html-span xexx8yu xyri2b x18d9i69 x1c1uobl x1hl2dhg x16tdsg8 x1vvkbs x3nfvp2 x1j61x8r x1fcty0u xdj266r xat24cr xm2jcoa x1mpyi22 xxymvpz xlup9mm x1kky2od\"><img loading=\"lazy\" decoding=\"async\" class=\"xz74otr x15mokao x1ga7v0g x16uus16 xbiv7yw\" src=\"https:\/\/static.xx.fbcdn.net\/images\/emoji.php\/v9\/t1d\/2\/16\/1f4c5.png\" alt=\"\ud83d\udcc5\" width=\"16\" height=\"16\"><\/span> Dates propos\u00e9es :<\/div>\n<div dir=\"auto\">\u2022 Mercredi 18 f\u00e9vrier (\u00e9valuation des besoins)<\/div>\n<div dir=\"auto\">\u2022 Samedi 28 f\u00e9vrier<\/div>\n<div dir=\"auto\">\u2022 Lundi 9 mars<\/div>\n<div dir=\"auto\">\u2022 Mercredi 15 avril<\/div>\n<div dir=\"auto\">&nbsp;<\/div>\n<\/div>\n<div class=\"x14z9mp xat24cr x1lziwak x1vvkbs xtlvy1s x126k92a\">\n<div dir=\"auto\"><span class=\"html-span xexx8yu xyri2b x18d9i69 x1c1uobl x1hl2dhg x16tdsg8 x1vvkbs x3nfvp2 x1j61x8r x1fcty0u xdj266r xat24cr xm2jcoa x1mpyi22 xxymvpz xlup9mm x1kky2od\"><img loading=\"lazy\" decoding=\"async\" class=\"xz74otr x15mokao x1ga7v0g x16uus16 xbiv7yw\" src=\"https:\/\/static.xx.fbcdn.net\/images\/emoji.php\/v9\/t5d\/2\/16\/26a0.png\" alt=\"\u26a0\ufe0f\" width=\"16\" height=\"16\"><\/span> Les places sont limit\u00e9es pour garantir un accompagnement de qualit\u00e9.<\/div>\n<div dir=\"auto\">L\u2019inscription est indispensable.<\/div>\n<div dir=\"auto\">&nbsp;<\/div>\n<\/div>\n<div class=\"x14z9mp xat24cr x1lziwak x1vvkbs xtlvy1s x126k92a\">\n<div dir=\"auto\"><span class=\"html-span xexx8yu xyri2b x18d9i69 x1c1uobl x1hl2dhg x16tdsg8 x1vvkbs x3nfvp2 x1j61x8r x1fcty0u xdj266r xat24cr xm2jcoa x1mpyi22 xxymvpz xlup9mm x1kky2od\"><img loading=\"lazy\" decoding=\"async\" class=\"xz74otr x15mokao x1ga7v0g x16uus16 xbiv7yw\" src=\"https:\/\/static.xx.fbcdn.net\/images\/emoji.php\/v9\/t5f\/2\/16\/1f4e9.png\" alt=\"\ud83d\udce9\" width=\"16\" height=\"16\"><\/span> Pour s\u2019inscrire d\u00e8s maintenant :<\/div>\n<div dir=\"auto\">vivreensemblecheznous@gmail.com<\/div>\n<div dir=\"auto\">&nbsp;<\/div>\n<\/div>\n<div class=\"x14z9mp xat24cr x1lziwak x1vvkbs xtlvy1s x126k92a\">\n<div dir=\"auto\">Si les dates propos\u00e9es ne conviennent pas, contactez-nous quand m\u00eame : d\u2019autres solutions peuvent \u00eatre envisag\u00e9es.<\/div>\n<div dir=\"auto\">&nbsp;<\/div>\n<\/div>\n<div class=\"x14z9mp xat24cr x1lziwak x1vvkbs xtlvy1s x126k92a\">\n<div dir=\"auto\"><span class=\"html-span xexx8yu xyri2b x18d9i69 x1c1uobl x1hl2dhg x16tdsg8 x1vvkbs x3nfvp2 x1j61x8r x1fcty0u xdj266r xat24cr xm2jcoa x1mpyi22 xxymvpz xlup9mm x1kky2od\"><img loading=\"lazy\" decoding=\"async\" class=\"xz74otr x15mokao x1ga7v0g x16uus16 xbiv7yw\" src=\"https:\/\/static.xx.fbcdn.net\/images\/emoji.php\/v9\/t1f\/2\/16\/1f64f.png\" alt=\"\ud83d\ude4f\" width=\"16\" height=\"16\"><\/span> N\u2019h\u00e9sitez pas \u00e0 partager ce message autour de vous.<\/div>\n<\/div>\t\t\t\t\t\t\t\t<\/div>\n\t\t\t\t<\/div>\n\t\t\t\t\t<\/div>\n\t\t\t\t<\/div>\n\t\t<div class=\"elementor-element elementor-element-541e8811 e-flex e-con-boxed e-con e-parent\" data-id=\"541e8811\" data-element_type=\"container\">\n\t\t\t\t\t<div class=\"e-con-inner\">\n\t\t\t\t<div class=\"elementor-element elementor-element-5c91b9f elementor-align-center elementor-widget elementor-widget-button\" data-id=\"5c91b9f\" data-element_type=\"widget\" data-widget_type=\"button.default\">\n\t\t\t\t<div class=\"elementor-widget-container\">\n\t\t\t\t\t\t\t\t\t<div class=\"elementor-button-wrapper\">\n\t\t\t\t\t<a class=\"elementor-button elementor-button-link elementor-size-sm\" href=\"https:\/\/vivreensemblecheznous.fr\/wp-content\/uploads\/2026\/01\/Newsletters-3.pdf\">\n\t\t\t\t\t\t<span class=\"elementor-button-content-wrapper\">\n\t\t\t\t\t\t\t\t\t<span class=\"elementor-button-text\">Notre newsletter du mois<\/span>\n\t\t\t\t\t<\/span>\n\t\t\t\t\t<\/a>\n\t\t\t\t<\/div>\n\t\t\t\t\t\t\t\t<\/div>\n\t\t\t\t<\/div>\n\t\t\t\t<div class=\"elementor-element elementor-element-4334c5d5 elementor-widget elementor-widget-spacer\" data-id=\"4334c5d5\" data-element_type=\"widget\" data-widget_type=\"spacer.default\">\n\t\t\t\t<div class=\"elementor-widget-container\">\n\t\t\t\t\t\t\t<div class=\"elementor-spacer\">\n\t\t\t<div class=\"elementor-spacer-inner\"><\/div>\n\t\t<\/div>\n\t\t\t\t\t\t<\/div>\n\t\t\t\t<\/div>\n\t\t\t\t\t<\/div>\n\t\t\t\t<\/div>\n\t\t<div class=\"elementor-element elementor-element-52c2aa45 e-flex e-con-boxed e-con e-parent\" data-id=\"52c2aa45\" data-element_type=\"container\">\n\t\t\t\t\t<div class=\"e-con-inner\">\n\t\t\t\t\t<\/div>\n\t\t\t\t<\/div>\n\t\t<div class=\"elementor-element elementor-element-2ac42dac e-flex e-con-boxed e-con e-parent\" data-id=\"2ac42dac\" data-element_type=\"container\" data-settings=\"{&quot;background_background&quot;:&quot;classic&quot;}\">\n\t\t\t\t\t<div class=\"e-con-inner\">\n\t\t\t\t<div class=\"elementor-element elementor-element-4b3976c4 elementor-widget elementor-widget-heading\" data-id=\"4b3976c4\" data-element_type=\"widget\" data-widget_type=\"heading.default\">\n\t\t\t\t<div class=\"elementor-widget-container\">\n\t\t\t\t\t<h2 class=\"elementor-heading-title elementor-size-default\">Restez inform\u00e9(e) \ud83d\ude42<\/h2>\t\t\t\t<\/div>\n\t\t\t\t<\/div>\n\t\t\t\t<div class=\"elementor-element elementor-element-47c8073c elementor-widget elementor-widget-text-editor\" data-id=\"47c8073c\" data-element_type=\"widget\" data-widget_type=\"text-editor.default\">\n\t\t\t\t<div class=\"elementor-widget-container\">\n\t\t\t\t\t\t\t\t\t<p class=\"cvGsUA direction-ltr align-justify para-style-body\"><strong><span class=\"a_GcMg font-feature-liga-off font-feature-clig-off font-feature-calt-off text-decoration-none text-strikethrough-none\">Pour recevoir les actualit\u00e9s, les projets et les temps forts de Vivre Ensemble Chez Nous, inscrivez-vous \u00e0 notre newsletter. <\/span><span class=\"a_GcMg font-feature-liga-off font-feature-clig-off font-feature-calt-off text-decoration-none text-strikethrough-none\">C\u2019est le meilleur moyen de suivre nos actions et de rester connect\u00e9(e) \u00e0 la vie de l\u2019association.<\/span><\/strong><\/p><p class=\"cvGsUA direction-ltr align-justify para-style-body\"><span class=\"a_GcMg font-feature-liga-off font-feature-clig-off font-feature-calt-off text-decoration-none text-strikethrough-none\">L\u2019adresse e-mail recueillie sert uniquement \u00e0 vous informer de nos actualit\u00e9s. Vous pouvez vous d\u00e9sabonner \u00e0 tout moment via le lien pr\u00e9sent dans chaque newsletter.<\/span><\/p>\t\t\t\t\t\t\t\t<\/div>\n\t\t\t\t<\/div>\n\t\t\t\t<div class=\"elementor-element elementor-element-3f66a7fd elementor-widget elementor-widget-html\" data-id=\"3f66a7fd\" data-element_type=\"widget\" data-widget_type=\"html.default\">\n\t\t\t\t<div class=\"elementor-widget-container\">\n\t\t\t\t\t<form \n  action=\"https:\/\/d108d686.sibforms.com\/serve\/MUIFAIsPAV1yFV9KuePfhxE703VrpNxeBAoGcC8Tpir3CTVMuv2qecbOIo6uKS0s4xHTjmgUvUB3JN5gL54QkBqwEZL1MxzhGP5eU1FOVgk4-4W8-jg_0EcWVHKZDpH6R5Z7k2NCgTw_SM3oLJ4o6F7NE4f3EDePCI94n6TCAXG-Ryg1Co0hlnikrbsQjlRu47kgRJef4WRc6t1h0Q==\"\n  method=\"POST\"\n  style=\"display:flex;gap:15px;flex-wrap:wrap;justify-content:center;\"\n>\n\n  <input \n    type=\"email\"\n    name=\"EMAIL\"\n    placeholder=\"Adresse mail\"\n    required\n    style=\"padding:14px 20px;border-radius:30px;border:2px solid white;width:280px;\"\n  >\n\n  <button \n    type=\"submit\"\n    style=\"background:#8BC34A;color:white;padding:14px 28px;border:none;border-radius:10px;font-weight:600;cursor:pointer;\"\n  >\n    Recevoir la newsletter\n  <\/button>\n\n  <!-- Champs requis Brevo -->\n  <input type=\"hidden\" name=\"locale\" value=\"fr\">\n  <input type=\"text\" name=\"email_address_check\" value=\"\" style=\"display:none\">\n\n<\/form>\t\t\t\t<\/div>\n\t\t\t\t<\/div>\n\t\t\t\t\t<\/div>\n\t\t\t\t<\/div>\n\t\t<div class=\"elementor-element elementor-element-5187c723 e-flex e-con-boxed e-con e-parent\" data-id=\"5187c723\" data-element_type=\"container\">\n\t\t\t\t\t<div class=\"e-con-inner\">\n\t\t<div class=\"elementor-element elementor-element-ad9199 e-con-full e-flex e-con e-child\" data-id=\"ad9199\" data-element_type=\"container\">\n\t\t\t\t<div class=\"elementor-element elementor-element-46ebcae7 elementor-widget__width-initial elementor-widget elementor-widget-image\" data-id=\"46ebcae7\" data-element_type=\"widget\" data-widget_type=\"image.default\">\n\t\t\t\t<div class=\"elementor-widget-container\">\n\t\t\t\t\t\t\t\t\t\t\t\t\t\t\t<img loading=\"lazy\" decoding=\"async\" width=\"800\" height=\"800\" src=\"https:\/\/vivreensemblecheznous.fr\/wp-content\/uploads\/2025\/12\/cropped-cropped-ChatGPT-Image-14-dec.-2025-a-09_46_25.png\" class=\"attachment-large size-large wp-image-763\" alt=\"\" srcset=\"https:\/\/vivreensemblecheznous.fr\/wp-content\/uploads\/2025\/12\/cropped-cropped-ChatGPT-Image-14-dec.-2025-a-09_46_25.png 1023w, https:\/\/vivreensemblecheznous.fr\/wp-content\/uploads\/2025\/12\/cropped-cropped-ChatGPT-Image-14-dec.-2025-a-09_46_25-300x300.png 300w, https:\/\/vivreensemblecheznous.fr\/wp-content\/uploads\/2025\/12\/cropped-cropped-ChatGPT-Image-14-dec.-2025-a-09_46_25-150x150.png 150w, https:\/\/vivreensemblecheznous.fr\/wp-content\/uploads\/2025\/12\/cropped-cropped-ChatGPT-Image-14-dec.-2025-a-09_46_25-768x768.png 768w\" sizes=\"(max-width: 800px) 100vw, 800px\" \/>\t\t\t\t\t\t\t\t\t\t\t\t\t\t\t<\/div>\n\t\t\t\t<\/div>\n\t\t\t\t<div class=\"elementor-element elementor-element-7eda83b6 elementor-widget elementor-widget-text-editor\" data-id=\"7eda83b6\" data-element_type=\"widget\" data-widget_type=\"text-editor.default\">\n\t\t\t\t<div class=\"elementor-widget-container\">\n\t\t\t\t\t\t\t\t\t<p class=\"cvGsUA direction-ltr align-justify para-style-body\"><span class=\"a_GcMg font-feature-liga-off font-feature-clig-off font-feature-calt-off text-decoration-none text-strikethrough-none\">Association Vivre Ensemble Chez Nous<\/span><\/p><p class=\"cvGsUA direction-ltr align-justify para-style-body\"><span class=\"a_GcMg font-feature-liga-off font-feature-clig-off font-feature-calt-off text-decoration-none text-strikethrough-none\">41 Rue Jean Pr\u00e9vost<\/span><\/p><p class=\"cvGsUA direction-ltr align-justify para-style-body\"><span class=\"a_GcMg font-feature-liga-off font-feature-clig-off font-feature-calt-off text-decoration-none text-strikethrough-none\">76110 Goderville<\/span><\/p>\t\t\t\t\t\t\t\t<\/div>\n\t\t\t\t<\/div>\n\t\t\t\t<\/div>\n\t\t<div class=\"elementor-element elementor-element-5dfe3842 e-con-full e-flex e-con e-child\" data-id=\"5dfe3842\" data-element_type=\"container\">\n\t\t\t\t<\/div>\n\t\t<div class=\"elementor-element elementor-element-10a354ec e-con-full e-flex e-con e-child\" data-id=\"10a354ec\" data-element_type=\"container\">\n\t\t\t\t<\/div>\n\t\t<div class=\"elementor-element elementor-element-7fec116a e-con-full e-flex e-con e-child\" data-id=\"7fec116a\" data-element_type=\"container\">\n\t\t\t\t<div class=\"elementor-element elementor-element-1ae2bc55 elementor-shape-rounded elementor-grid-0 e-grid-align-center elementor-widget elementor-widget-social-icons\" data-id=\"1ae2bc55\" data-element_type=\"widget\" data-widget_type=\"social-icons.default\">\n\t\t\t\t<div class=\"elementor-widget-container\">\n\t\t\t\t\t\t\t<div class=\"elementor-social-icons-wrapper elementor-grid\">\n\t\t\t\t\t\t\t<span class=\"elementor-grid-item\">\n\t\t\t\t\t<a class=\"elementor-icon elementor-social-icon elementor-social-icon-facebook elementor-repeater-item-7cabc0e\" href=\"https:\/\/www.facebook.com\/profile.php?id=61568842614771\" target=\"_blank\">\n\t\t\t\t\t\t<span class=\"elementor-screen-only\">Facebook<\/span>\n\t\t\t\t\t\t<svg class=\"e-font-icon-svg e-fab-facebook\" viewBox=\"0 0 512 512\" xmlns=\"http:\/\/www.w3.org\/2000\/svg\"><path d=\"M504 256C504 119 393 8 256 8S8 119 8 256c0 123.78 90.69 226.38 209.25 245V327.69h-63V256h63v-54.64c0-62.15 37-96.48 93.67-96.48 27.14 0 55.52 4.84 55.52 4.84v61h-31.28c-30.8 0-40.41 19.12-40.41 38.73V256h68.78l-11 71.69h-57.78V501C413.31 482.38 504 379.78 504 256z\"><\/path><\/svg>\t\t\t\t\t<\/a>\n\t\t\t\t<\/span>\n\t\t\t\t\t\t\t<span class=\"elementor-grid-item\">\n\t\t\t\t\t<a class=\"elementor-icon elementor-social-icon elementor-social-icon-instagram elementor-repeater-item-c9f4aec\" href=\"https:\/\/www.instagram.com\/vivreensemblecheznous\/\" target=\"_blank\">\n\t\t\t\t\t\t<span class=\"elementor-screen-only\">Instagram<\/span>\n\t\t\t\t\t\t<svg class=\"e-font-icon-svg e-fab-instagram\" viewBox=\"0 0 448 512\" xmlns=\"http:\/\/www.w3.org\/2000\/svg\"><path d=\"M224.1 141c-63.6 0-114.9 51.3-114.9 114.9s51.3 114.9 114.9 114.9S339 319.5 339 255.9 287.7 141 224.1 141zm0 189.6c-41.1 0-74.7-33.5-74.7-74.7s33.5-74.7 74.7-74.7 74.7 33.5 74.7 74.7-33.6 74.7-74.7 74.7zm146.4-194.3c0 14.9-12 26.8-26.8 26.8-14.9 0-26.8-12-26.8-26.8s12-26.8 26.8-26.8 26.8 12 26.8 26.8zm76.1 27.2c-1.7-35.9-9.9-67.7-36.2-93.9-26.2-26.2-58-34.4-93.9-36.2-37-2.1-147.9-2.1-184.9 0-35.8 1.7-67.6 9.9-93.9 36.1s-34.4 58-36.2 93.9c-2.1 37-2.1 147.9 0 184.9 1.7 35.9 9.9 67.7 36.2 93.9s58 34.4 93.9 36.2c37 2.1 147.9 2.1 184.9 0 35.9-1.7 67.7-9.9 93.9-36.2 26.2-26.2 34.4-58 36.2-93.9 2.1-37 2.1-147.8 0-184.8zM398.8 388c-7.8 19.6-22.9 34.7-42.6 42.6-29.5 11.7-99.5 9-132.1 9s-102.7 2.6-132.1-9c-19.6-7.8-34.7-22.9-42.6-42.6-11.7-29.5-9-99.5-9-132.1s-2.6-102.7 9-132.1c7.8-19.6 22.9-34.7 42.6-42.6 29.5-11.7 99.5-9 132.1-9s102.7-2.6 132.1 9c19.6 7.8 34.7 22.9 42.6 42.6 11.7 29.5 9 99.5 9 132.1s2.7 102.7-9 132.1z\"><\/path><\/svg>\t\t\t\t\t<\/a>\n\t\t\t\t<\/span>\n\t\t\t\t\t\t\t<span class=\"elementor-grid-item\">\n\t\t\t\t\t<a class=\"elementor-icon elementor-social-icon elementor-social-icon-linkedin elementor-repeater-item-b6ddf9e\" href=\"https:\/\/www.linkedin.com\/in\/val\u00e9rie-legros-aa878436a\/\" target=\"_blank\">\n\t\t\t\t\t\t<span class=\"elementor-screen-only\">Linkedin<\/span>\n\t\t\t\t\t\t<svg class=\"e-font-icon-svg e-fab-linkedin\" viewBox=\"0 0 448 512\" xmlns=\"http:\/\/www.w3.org\/2000\/svg\"><path d=\"M416 32H31.9C14.3 32 0 46.5 0 64.3v383.4C0 465.5 14.3 480 31.9 480H416c17.6 0 32-14.5 32-32.3V64.3c0-17.8-14.4-32.3-32-32.3zM135.4 416H69V202.2h66.5V416zm-33.2-243c-21.3 0-38.5-17.3-38.5-38.5S80.9 96 102.2 96c21.2 0 38.5 17.3 38.5 38.5 0 21.3-17.2 38.5-38.5 38.5zm282.1 243h-66.4V312c0-24.8-.5-56.7-34.5-56.7-34.6 0-39.9 27-39.9 54.9V416h-66.4V202.2h63.7v29.2h.9c8.9-16.8 30.6-34.5 62.9-34.5 67.2 0 79.7 44.3 79.7 101.9V416z\"><\/path><\/svg>\t\t\t\t\t<\/a>\n\t\t\t\t<\/span>\n\t\t\t\t\t<\/div>\n\t\t\t\t\t\t<\/div>\n\t\t\t\t<\/div>\n\t\t\t\t<\/div>\n\t\t\t\t\t<\/div>\n\t\t\t\t<\/div>\n\t\t\t\t<\/div>\n\t\t","protected":false},"excerpt":{"rendered":"<p>Notre actu Nos rencontres 27\/09\/25 &#8211; Balade \u00e0 v\u00e9lo 08\/10\/25 &#8211; R\u00e9colte des pommes 04\/12\/25 &#8211; March\u00e9 de No\u00ebl Nos rencontres \u00e0 venir TOUS CONNECT\u00c9S &#8211; Ateliers num\u00e9riques adapt\u00e9s Nous croyons que le num\u00e9rique doit \u00eatre accessible \u00e0 toutes et tous. &nbsp; Nous proposons TOUS CONNECT\u00c9S, des ateliers num\u00e9riques adapt\u00e9s pour les personnes avec un [&hellip;]<\/p>\n","protected":false},"author":3,"featured_media":0,"parent":0,"menu_order":0,"comment_status":"closed","ping_status":"closed","template":"elementor_header_footer","meta":{"footnotes":""},"class_list":["post-875","page","type-page","status-publish","hentry"],"_links":{"self":[{"href":"https:\/\/vivreensemblecheznous.fr\/index.php\/wp-json\/wp\/v2\/pages\/875","targetHints":{"allow":["GET"]}}],"collection":[{"href":"https:\/\/vivreensemblecheznous.fr\/index.php\/wp-json\/wp\/v2\/pages"}],"about":[{"href":"https:\/\/vivreensemblecheznous.fr\/index.php\/wp-json\/wp\/v2\/types\/page"}],"author":[{"embeddable":true,"href":"https:\/\/vivreensemblecheznous.fr\/index.php\/wp-json\/wp\/v2\/users\/3"}],"replies":[{"embeddable":true,"href":"https:\/\/vivreensemblecheznous.fr\/index.php\/wp-json\/wp\/v2\/comments?post=875"}],"version-history":[{"count":43,"href":"https:\/\/vivreensemblecheznous.fr\/index.php\/wp-json\/wp\/v2\/pages\/875\/revisions"}],"predecessor-version":[{"id":1018,"href":"https:\/\/vivreensemblecheznous.fr\/index.php\/wp-json\/wp\/v2\/pages\/875\/revisions\/1018"}],"wp:attachment":[{"href":"https:\/\/vivreensemblecheznous.fr\/index.php\/wp-json\/wp\/v2\/media?parent=875"}],"curies":[{"name":"wp","href":"https:\/\/api.w.org\/{rel}","templated":true}]}}